{"id":125,"date":"2025-11-03T10:00:49","date_gmt":"2025-11-03T03:00:49","guid":{"rendered":"https:\/\/intemphugiare.com\/?post_type=product&#038;p=125"},"modified":"2025-11-14T08:19:37","modified_gmt":"2025-11-14T01:19:37","slug":"decal-be-san","status":"publish","type":"product","link":"https:\/\/intemphugiare.com\/index.php\/san-pham\/decal-be-san\/","title":{"rendered":"Decal b\u1ebf s\u1eb5n"},"content":{"rendered":"<ul>\n<li>Ch\u1ea5t li\u1ec7u: Decal \u0111\u1ebf xanh, in tr\u00ean m\u1ecdi m\u00e1y in<\/li>\n<li>K\u00edch th\u01b0\u1edbc t\u1edd: A4<\/li>\n<li>S\u1ed1 t\u1edd: 10 t\u1edd\/x\u1ea5p<\/li>\n<\/ul>\n<p>File word d\u00f9ng so\u1ea1n th\u1ea3o, c\u00f3 s\u1eb5n c\u00e1c v\u1ecb tr\u00ed tem s\u1ebd \u0111\u01b0\u1ee3c g\u1eedi qua email sau khi \u0111\u01a1n h\u00e0ng ho\u00e0n th\u00e0nh.<\/p>\n<p>Video h\u01b0\u1edbng d\u1eabn:<br \/>\n<iframe style=\"max-width: 100%; width: 100%; aspect-ratio: 16\/9;\" src=\"https:\/\/www.youtube.com\/embed\/WP7RFo9C4M8\" frameborder=\"0\" allowfullscreen=\"allowfullscreen\"><br \/>\n<\/iframe><\/p>\n","protected":false},"excerpt":{"rendered":"<p>Gi\u00e1 ch\u01b0a bao g\u1ed3m VAT<\/p>\n<p>Mua t\u1eeb 10 x\u1ea5p tr\u1edf l\u00ean. Gi\u00e1 ch\u1ec9 c\u00f2n 15.000 \u0111\/x\u1ea5p<\/p>\n","protected":false},"featured_media":158,"template":"","meta":{"neve_meta_sidebar":"","neve_meta_container":"","neve_meta_enable_content_width":"","neve_meta_content_width":0,"neve_meta_title_alignment":"","neve_meta_author_avatar":"","neve_post_elements_order":"","neve_meta_disable_header":"","neve_meta_disable_footer":"","neve_meta_disable_title":""},"product_brand":[],"product_cat":[18],"product_tag":[],"class_list":{"0":"post-125","1":"product","2":"type-product","3":"status-publish","4":"has-post-thumbnail","6":"product_cat-decal-be-san","8":"first","9":"instock","10":"taxable","11":"shipping-taxable","12":"purchasable","13":"product-type-variable"},"_links":{"self":[{"href":"https:\/\/intemphugiare.com\/index.php\/wp-json\/wp\/v2\/product\/125","targetHints":{"allow":["GET"]}}],"collection":[{"href":"https:\/\/intemphugiare.com\/index.php\/wp-json\/wp\/v2\/product"}],"about":[{"href":"https:\/\/intemphugiare.com\/index.php\/wp-json\/wp\/v2\/types\/product"}],"wp:featuredmedia":[{"embeddable":true,"href":"https:\/\/intemphugiare.com\/index.php\/wp-json\/wp\/v2\/media\/158"}],"wp:attachment":[{"href":"https:\/\/intemphugiare.com\/index.php\/wp-json\/wp\/v2\/media?parent=125"}],"wp:term":[{"taxonomy":"product_brand","embeddable":true,"href":"https:\/\/intemphugiare.com\/index.php\/wp-json\/wp\/v2\/product_brand?post=125"},{"taxonomy":"product_cat","embeddable":true,"href":"https:\/\/intemphugiare.com\/index.php\/wp-json\/wp\/v2\/product_cat?post=125"},{"taxonomy":"product_tag","embeddable":true,"href":"https:\/\/intemphugiare.com\/index.php\/wp-json\/wp\/v2\/product_tag?post=125"}],"curies":[{"name":"wp","href":"https:\/\/api.w.org\/{rel}","templated":true}]}}