{"id":355,"date":"2025-11-14T08:08:35","date_gmt":"2025-11-14T01:08:35","guid":{"rendered":"https:\/\/intemphugiare.com\/?page_id=355"},"modified":"2025-11-14T08:08:35","modified_gmt":"2025-11-14T01:08:35","slug":"chinh-sach-giao-hang","status":"publish","type":"page","link":"https:\/\/intemphugiare.com\/index.php\/chinh-sach-giao-hang\/","title":{"rendered":"Ch\u00ednh s\u00e1ch giao h\u00e0ng"},"content":{"rendered":"\n<h2 class=\"wp-block-heading\">Ch\u00ednh s\u00e1ch giao h\u00e0ng<\/h2>\n\n\n\n<p><strong>1. Quy \u0111\u1ecbnh ph\u1ea1m vi giao h\u00e0ng<\/strong><\/p>\n\n\n\n<p>Giao h\u00e0ng to\u00e0n qu\u1ed1c<\/p>\n\n\n\n<p><strong>2. C\u00e1c h\u00ecnh th\u1ee9c giao h\u00e0ng:<\/strong><\/p>\n\n\n\n<ul class=\"wp-block-list\">\n<li><strong>Giao h\u00e0ng mi\u1ec5n ph\u00ed:<\/strong>\u00a0\u00c1p d\u1ee5ng cho c\u00e1c khu v\u1ef1c g\u1ea7n c\u1eeda h\u00e0ng: Qu\u1eadn 1, Qu\u1eadn 3, Qu\u1eadn 5, Qu\u1eadn 6, Qu\u1eadn 10, Qu\u1eadn 11. H\u00ecnh th\u1ee9c giao h\u00e0ng n\u00e0y ch\u1ec9 \u00e1p d\u1ee5ng cho \u0111\u01a1n h\u00e0ng tr\u00ean 500.000.<\/li>\n\n\n\n<li><strong>H\u1ecfa t\u1ed1c:\u00a0<\/strong>Giao h\u00e0ng ngay trong ng\u00e0y. Ph\u00ed v\u1eadn chuy\u1ec3n s\u1ebd \u0111\u01b0\u1ee3c th\u00f4ng b\u00e1o sau v\u00e0 b\u1ea1n thanh to\u00e1n kho\u1ea3n ph\u00ed v\u1eadn chuy\u1ec3n n\u00e0y tr\u1ef1c ti\u1ebfp cho t\u00e0i x\u1ebf xe c\u00f4ng ngh\u1ec7. H\u00ecnh th\u1ee9c v\u1eadn chuy\u1ec3n n\u00e0y ch\u1ec9 \u00e1p d\u1ee5ng cho thanh to\u00e1n tr\u1ea3 tr\u01b0\u1edbc. <strong>L\u01afU \u00dd:<\/strong> Trong tr\u01b0\u1eddng h\u1ee3p t\u00e0i x\u1ebf kh\u00f4ng th\u1ec3 li\u00ean h\u1ec7 ho\u1eb7c giao h\u00e0ng cho Qu\u00fd kh\u00e1ch v\u00ec nguy\u00ean nh\u00e2n ch\u1ee7 quan ho\u1eb7c kh\u00e1ch quan t\u1eeb ph\u00eda Qu\u00fd kh\u00e1ch v\u00e0 ho\u00e0n tr\u1ea3 h\u00e0ng v\u1ec1 cho c\u00f4ng ty, ch\u00fang t\u00f4i s\u1ebd KH\u00d4NG ho\u00e0n tr\u1ea3 kho\u1ea3n ti\u1ec1n m\u00e0 qu\u00fd kh\u00e1ch \u0111\u00e3 thanh to\u00e1n cho c\u00f4ng ty.<\/li>\n\n\n\n<li><strong>Giao h\u00e0ng th\u00f4ng qua nh\u00e0 v\u1eadn chuy\u1ec3n Giao h\u00e0ng Ti\u1ebft Ki\u1ec7m<\/strong><\/li>\n<\/ul>\n\n\n\n<p><strong>2. Quy \u0111\u1ecbnh th\u1eddi gian giao h\u00e0ng<\/strong><\/p>\n\n\n\n<p>T\u00f9y t\u1eebng h\u00ecnh th\u1ee9c giao h\u00e0ng, Inthietke.net ph\u1ee5c v\u1ee5 giao h\u00e0ng t\u1eeb th\u1ee9 2 \u0111\u1ebfn th\u1ee9 7 h\u00e0ng tu\u1ea7n ho\u1eb7c t\u1ea5t c\u1ea3 c\u00e1c ng\u00e0y trong tu\u1ea7n (tr\u1eeb ng\u00e0y l\u1ec5 t\u1ebft)<\/p>\n\n\n\n<ul class=\"wp-block-list\">\n<li>Th\u1eddi gian giao h\u00e0ng trong ng\u00e0y t\u1eeb 09:00 \u0111\u1ebfn 17:00 h\u00e0ng ng\u00e0y t\u1eeb th\u1ee9 2 \u0111\u1ebfn th\u1ee9 7\u00a0ho\u1eb7c t\u1ea5t c\u1ea3 c\u00e1c ng\u00e0y trong tu\u1ea7n<\/li>\n\n\n\n<li>Tr\u01b0\u1eddng h\u1ee3p th\u1eddi gian giao h\u00e0ng ngo\u00e0i khung gi\u1edd n\u00eau tr\u00ean s\u1ebd \u0111\u01b0\u1ee3c c\u1ed9ng th\u00eam ph\u1ee5 ph\u00ed giao h\u00e0ng.<\/li>\n\n\n\n<li>\u0110\u01a1n h\u00e0ng \u0111\u1eb7t sau 09:00 s\u00e1ng Th\u1ee9 B\u1ea3y cho \u0111\u1ebfn h\u1ebft Ch\u1ee7 Nh\u1eadt s\u1ebd \u0111\u01b0\u1ee3c giao v\u00e0o Th\u1ee9 Hai tu\u1ea7n k\u1ebf ti\u1ebfp.<\/li>\n\n\n\n<li>Trong tr\u01b0\u1eddng h\u1ee3p \u0111\u1ed1i t\u00e1c giao nh\u1eadn kh\u00f4ng th\u1ec3 li\u00ean h\u1ec7 ho\u1eb7c giao h\u00e0ng cho Qu\u00fd kh\u00e1ch v\u00ec nguy\u00ean nh\u00e2n ch\u1ee7 quan ho\u1eb7c kh\u00e1ch quan t\u1eeb ph\u00eda Qu\u00fd kh\u00e1ch trong v\u00f2ng 02 ng\u00e0y l\u00e0m vi\u1ec7c, \u0111\u01a1n h\u00e0ng s\u1ebd t\u1ef1 \u0111\u1ed9ng h\u1ebft hi\u1ec7u l\u1ef1c.<\/li>\n<\/ul>\n\n\n\n<p><strong>3. Quy \u0111\u1ecbnh ph\u00ed giao h\u00e0ng<\/strong><\/p>\n\n\n\n<p>Ph\u1ee5 thu\u1ed9c v\u00e0o \u0111\u01a1n v\u1ecb v\u1eadn chuy\u1ec3n<\/p>\n\n\n\n<p><strong>4. Thay \u0111\u1ed5i ch\u00ednh s\u00e1ch giao h\u00e0ng<\/strong><\/p>\n\n\n\n<p>Intemphugiare.com c\u00f3 quy\u1ec1n thay \u0111\u1ed5i v\u00e0 ch\u1ec9nh s\u1eeda ch\u00ednh s\u00e1ch giao h\u00e0ng v\u00e0o b\u1ea5t k\u1ef3 l\u00fac n\u00e0o. B\u1ea5t c\u1ee9 thay \u0111\u1ed5i n\u00e0o v\u1ec1 ch\u00ednh s\u00e1ch n\u00e0y \u0111\u1ec1u \u0111\u01b0\u1ee3c \u0111\u0103ng tr\u00ean trang web c\u1ee7a ch\u00fang t\u00f4i.<\/p>\n\n\n\n<p><strong>C\u00f4ng ty TNHH SX TM DV T\u1ea5n Long<\/strong><\/p>\n","protected":false},"excerpt":{"rendered":"<p>Ch\u00ednh s\u00e1ch giao h\u00e0ng 1. Quy \u0111\u1ecbnh ph\u1ea1m vi giao h\u00e0ng Giao h\u00e0ng to\u00e0n qu\u1ed1c 2. C\u00e1c h\u00ecnh th\u1ee9c giao h\u00e0ng: 2. Quy \u0111\u1ecbnh th\u1eddi gian giao h\u00e0ng T\u00f9y t\u1eebng h\u00ecnh th\u1ee9c giao h\u00e0ng, Inthietke.net ph\u1ee5c v\u1ee5 giao h\u00e0ng t\u1eeb th\u1ee9 2 \u0111\u1ebfn th\u1ee9 7 h\u00e0ng tu\u1ea7n ho\u1eb7c t\u1ea5t c\u1ea3 c\u00e1c ng\u00e0y trong tu\u1ea7n (tr\u1eeb&hellip;&nbsp;<a href=\"https:\/\/intemphugiare.com\/index.php\/chinh-sach-giao-hang\/\" rel=\"bookmark\"><span class=\"screen-reader-text\">Ch\u00ednh s\u00e1ch giao h\u00e0ng<\/span><\/a><\/p>\n","protected":false},"author":1,"featured_media":0,"parent":0,"menu_order":0,"comment_status":"closed","ping_status":"closed","template":"","meta":{"neve_meta_sidebar":"","neve_meta_container":"","neve_meta_enable_content_width":"","neve_meta_content_width":0,"neve_meta_title_alignment":"","neve_meta_author_avatar":"","neve_post_elements_order":"","neve_meta_disable_header":"","neve_meta_disable_footer":"","neve_meta_disable_title":"","footnotes":""},"class_list":["post-355","page","type-page","status-publish","hentry"],"_links":{"self":[{"href":"https:\/\/intemphugiare.com\/index.php\/wp-json\/wp\/v2\/pages\/355","targetHints":{"allow":["GET"]}}],"collection":[{"href":"https:\/\/intemphugiare.com\/index.php\/wp-json\/wp\/v2\/pages"}],"about":[{"href":"https:\/\/intemphugiare.com\/index.php\/wp-json\/wp\/v2\/types\/page"}],"author":[{"embeddable":true,"href":"https:\/\/intemphugiare.com\/index.php\/wp-json\/wp\/v2\/users\/1"}],"replies":[{"embeddable":true,"href":"https:\/\/intemphugiare.com\/index.php\/wp-json\/wp\/v2\/comments?post=355"}],"version-history":[{"count":0,"href":"https:\/\/intemphugiare.com\/index.php\/wp-json\/wp\/v2\/pages\/355\/revisions"}],"wp:attachment":[{"href":"https:\/\/intemphugiare.com\/index.php\/wp-json\/wp\/v2\/media?parent=355"}],"curies":[{"name":"wp","href":"https:\/\/api.w.org\/{rel}","templated":true}]}}