{"id":353,"date":"2025-11-14T08:03:19","date_gmt":"2025-11-14T01:03:19","guid":{"rendered":"https:\/\/intemphugiare.com\/?page_id=353"},"modified":"2025-11-14T08:03:19","modified_gmt":"2025-11-14T01:03:19","slug":"chinh-sach-thanh-toan","status":"publish","type":"page","link":"https:\/\/intemphugiare.com\/index.php\/chinh-sach-thanh-toan\/","title":{"rendered":"Ch\u00ednh s\u00e1ch thanh to\u00e1n"},"content":{"rendered":"\n<h2 class=\"wp-block-heading\">Ch\u00ednh s\u00e1ch thanh to\u00e1n<\/h2>\n\n\n\n<p>Kh\u00e1ch h\u00e0ng c\u00f3 th\u1ec3 l\u1ef1a ch\u1ecdn c\u00e1c h\u00ecnh th\u1ee9c thanh to\u00e1n sau \u0111\u1ec3 thanh to\u00e1n cho \u0111\u01a1n h\u00e0ng c\u1ee7a m\u00ecnh khi mua s\u1ea3n ph\u1ea9m tr\u00ean website Intemphugiare.com:<\/p>\n\n\n\n<p><strong>1. Th\u00e1nh to\u00e1n tr\u1ea3 tr\u01b0\u1edbc:<\/strong> l\u00e0 h\u00ecnh th\u1ee9c thanh to\u00e1n tr\u1ef1c tuy\u1ebfn Chuy\u1ec3n kho\u1ea3n qua ng\u00e2n h\u00e0ng<\/p>\n\n\n\n<p>m\u00e0 kh\u00e1ch h\u00e0ng s\u1eed d\u1ee5ng \u0111\u1ec3 thanh to\u00e1n cho \u0111\u01a1n h\u00e0ng,<\/p>\n\n\n\n<p>Thanh to\u00e1n tr\u1ea3 tr\u01b0\u1edbc \u0111\u01b0\u1ee3c \u00e1p d\u1ee5ng cho t\u1ea5t c\u1ea3 kh\u00e1ch h\u00e0ng c\u1ee7a Intemphugiare.com s\u1eed d\u1ee5ng c\u00e1c h\u00ecnh th\u1ee9c thanh to\u00e1n tr\u1ea3 tr\u01b0\u1edbc \u0111\u01b0\u1ee3c ch\u1ea5p nh\u1eadn.<\/p>\n\n\n\n<p><strong>2. Thanh to\u00e1n tr\u1ea3 sau:<\/strong> l\u00e0 h\u00ecnh th\u1ee9c m\u00e0 kh\u00e1ch h\u00e0ng s\u1eed d\u1ee5ng \u0111\u1ec3 thanh to\u00e1n cho \u0111\u01a1n h\u00e0ng khi Intemphugiare.com giao h\u00e0ng, bao g\u1ed3m:<\/p>\n\n\n\n<p>2.1 Ti\u1ec1n m\u1eb7t<\/p>\n\n\n\n<p>2.2 Thanh to\u00e1n khi \u0111\u1ebfn nh\u1eadn h\u00e0ng t\u1ea1i c\u1eeda h\u00e0ng<\/p>\n\n\n\n<p>&#8211; Ch\u00fang t\u00f4i to\u00e0n quy\u1ec1n xem x\u00e9t v\u00e0 \u0111\u01b0\u1ee3c t\u1eeb ch\u1ed1i thanh to\u00e1n tr\u1ea3 sau trong tr\u01b0\u1eddng h\u1ee3p sau:<\/p>\n\n\n\n<ul class=\"wp-block-list\">\n<li>Kh\u00e1ch h\u00e0ng ch\u01b0a \u0111\u01b0\u1ee3c x\u00e1c th\u1ef1c<\/li>\n\n\n\n<li>Kh\u00e1ch h\u00e0ng \u0111\u1eb7t h\u00e0ng l\u1ea7n \u0111\u1ea7u ti\u00ean t\u1ea1i Intemphugiare.com<\/li>\n\n\n\n<li>Ch\u00fang t\u00f4i kh\u00f4ng th\u1ec3 li\u00ean h\u1ec7 \u0111\u01b0\u1ee3c v\u1edbi kh\u00e1ch h\u00e0ng \u0111\u1ec3 x\u00e1c nh\u1eadn \u0111\u01a1n h\u00e0ng.<\/li>\n\n\n\n<li>\u0110\u1ecba ch\u1ec9 nh\u1eadn h\u00e0ng c\u1ee7a kh\u00e1ch h\u00e0ng kh\u00f4ng r\u00f5 r\u00e0ng.<\/li>\n\n\n\n<li>Kh\u00e1ch h\u00e0ng th\u00f4ng th\u01b0\u1eddng \u0111\u1eb7t \u0111\u01a1n h\u00e0ng tr\u00ean 100.000 \u0111\u1ed3ng.<\/li>\n<\/ul>\n\n\n\n<p>Ngo\u00e0i ra, trong m\u1ed9t s\u1ed1 tr\u01b0\u1eddng h\u1ee3p, ch\u00fang t\u00f4i y\u00eau c\u1ea7u kh\u00e1ch h\u00e0ng \u0111\u1eb7t c\u1ecdc tr\u01b0\u1edbc khi th\u1ef1c hi\u1ec7n \u0111\u01a1n h\u00e0ng.<\/p>\n\n\n\n<p><strong>C\u00f4ng ty TNHH SX TM DV T\u1ea5n Long<\/strong><\/p>\n","protected":false},"excerpt":{"rendered":"<p>Ch\u00ednh s\u00e1ch thanh to\u00e1n Kh\u00e1ch h\u00e0ng c\u00f3 th\u1ec3 l\u1ef1a ch\u1ecdn c\u00e1c h\u00ecnh th\u1ee9c thanh to\u00e1n sau \u0111\u1ec3 thanh to\u00e1n cho \u0111\u01a1n h\u00e0ng c\u1ee7a m\u00ecnh khi mua s\u1ea3n ph\u1ea9m tr\u00ean website Intemphugiare.com: 1. Th\u00e1nh to\u00e1n tr\u1ea3 tr\u01b0\u1edbc: l\u00e0 h\u00ecnh th\u1ee9c thanh to\u00e1n tr\u1ef1c tuy\u1ebfn Chuy\u1ec3n kho\u1ea3n qua ng\u00e2n h\u00e0ng m\u00e0 kh\u00e1ch h\u00e0ng s\u1eed d\u1ee5ng \u0111\u1ec3 thanh&hellip;&nbsp;<a href=\"https:\/\/intemphugiare.com\/index.php\/chinh-sach-thanh-toan\/\" rel=\"bookmark\"><span class=\"screen-reader-text\">Ch\u00ednh s\u00e1ch thanh to\u00e1n<\/span><\/a><\/p>\n","protected":false},"author":1,"featured_media":0,"parent":0,"menu_order":0,"comment_status":"closed","ping_status":"closed","template":"","meta":{"neve_meta_sidebar":"","neve_meta_container":"","neve_meta_enable_content_width":"","neve_meta_content_width":0,"neve_meta_title_alignment":"","neve_meta_author_avatar":"","neve_post_elements_order":"","neve_meta_disable_header":"","neve_meta_disable_footer":"","neve_meta_disable_title":"","footnotes":""},"class_list":["post-353","page","type-page","status-publish","hentry"],"_links":{"self":[{"href":"https:\/\/intemphugiare.com\/index.php\/wp-json\/wp\/v2\/pages\/353","targetHints":{"allow":["GET"]}}],"collection":[{"href":"https:\/\/intemphugiare.com\/index.php\/wp-json\/wp\/v2\/pages"}],"about":[{"href":"https:\/\/intemphugiare.com\/index.php\/wp-json\/wp\/v2\/types\/page"}],"author":[{"embeddable":true,"href":"https:\/\/intemphugiare.com\/index.php\/wp-json\/wp\/v2\/users\/1"}],"replies":[{"embeddable":true,"href":"https:\/\/intemphugiare.com\/index.php\/wp-json\/wp\/v2\/comments?post=353"}],"version-history":[{"count":0,"href":"https:\/\/intemphugiare.com\/index.php\/wp-json\/wp\/v2\/pages\/353\/revisions"}],"wp:attachment":[{"href":"https:\/\/intemphugiare.com\/index.php\/wp-json\/wp\/v2\/media?parent=353"}],"curies":[{"name":"wp","href":"https:\/\/api.w.org\/{rel}","templated":true}]}}