{"id":17,"date":"2025-06-26T10:21:02","date_gmt":"2025-06-26T03:21:02","guid":{"rendered":"https:\/\/intemphugiare.com\/?page_id=17"},"modified":"2025-11-26T11:41:04","modified_gmt":"2025-11-26T04:41:04","slug":"home","status":"publish","type":"page","link":"https:\/\/intemphugiare.com\/","title":{"rendered":"Home"},"content":{"rendered":"\n<div class=\"wp-block-group alignfull\"><div class=\"wp-block-group__inner-container is-layout-constrained wp-block-group-is-layout-constrained\">\n<div class=\"wp-block-cover aligncenter is-light has-custom-content-position is-position-top-center hide-on-mobile\" style=\"margin-top:0\"><img loading=\"lazy\" decoding=\"async\" width=\"1920\" height=\"1226\" class=\"wp-block-cover__image-background wp-image-26 size-full\" alt=\"\" src=\"https:\/\/intemphugiare.com\/wp-content\/uploads\/2025\/06\/slider1.jpg\" style=\"object-position:0% 0%\" data-object-fit=\"cover\" data-object-position=\"0% 0%\" srcset=\"https:\/\/intemphugiare.com\/wp-content\/uploads\/2025\/06\/slider1.jpg 1920w, https:\/\/intemphugiare.com\/wp-content\/uploads\/2025\/06\/slider1-600x383.jpg 600w, https:\/\/intemphugiare.com\/wp-content\/uploads\/2025\/06\/slider1-768x490.jpg 768w, https:\/\/intemphugiare.com\/wp-content\/uploads\/2025\/06\/slider1-1536x981.jpg 1536w\" sizes=\"auto, (max-width: 1920px) 100vw, 1920px\" \/><span aria-hidden=\"true\" class=\"wp-block-cover__background has-black-background-color has-background-dim-0 has-background-dim\"><\/span><div class=\"wp-block-cover__inner-container is-layout-flow wp-block-cover-is-layout-flow\">\n<h2 class=\"wp-block-heading has-text-align-center hide-on-mobile\" style=\"font-size:59px\"><br><strong>GI\u1ea2I PH\u00c1P IN TEM PH\u1ee4 <\/strong><br><br><strong>T\u1ed0I \u01afU<\/strong><\/h2>\n\n\n\n<h2 class=\"wp-block-heading has-text-align-center hide-on-mobile\" style=\"font-size:33px\">LINH HO\u1ea0T, TI\u1ebeT KI\u1ec6M, HI\u1ec6U QU\u1ea2<\/h2>\n<\/div><\/div>\n<\/div><\/div>\n\n\n\n<div style=\"height:15px\" aria-hidden=\"true\" class=\"wp-block-spacer\"><\/div>\n\n\n\n<h2 class=\"wp-block-heading has-text-align-center has-vivid-cyan-blue-color has-text-color has-link-color has-large-font-size wp-elements-069a3a5305f244d6c5ca58893624af85\" id=\"sanpham\">IN TEM PH\u1ee4, TEM M\u00c3 V\u1ea0CH<\/h2>\n\n\n\n<p>Tem ph\u1ee5, tem m\u00e3 v\u1ea1ch c\u00f3 vai tr\u00f2 quan tr\u1ecdng trong vi\u1ec7c cung c\u1ea5p th\u00f4ng tin s\u1ea3n ph\u1ea9m, h\u00e0ng h\u00f3a t\u1eeb nh\u00e0 s\u1ea3n xu\u1ea5t \u0111\u1ebfn ng\u01b0\u1eddi ti\u00eau d\u00f9ng. H\u01a1n n\u1eefa, <strong>tem nh\u00e3n ph\u1ee5 l\u00e0 y\u00eau c\u1ea7u b\u1eaft bu\u1ed9c&nbsp;\u0111\u1ed1i v\u1edbi h\u00e0ng h\u00f3a nh\u1eadp kh\u1ea9u<\/strong> ch\u01b0a c\u00f3 n\u1ed9i dung b\u1eb1ng ti\u1ebfng Vi\u1ec7t t\u1eeb n\u01b0\u1edbc ngo\u00e0i v\u1ec1 Vi\u1ec7t Nam theo quy \u0111\u1ecbnh c\u1ee7a ph\u00e1p lu\u1eadt.<\/p>\n\n\n\n<div class=\"wp-block-columns is-layout-flex wp-container-core-columns-is-layout-9d6595d7 wp-block-columns-is-layout-flex\">\n<div class=\"wp-block-column is-vertically-aligned-top is-layout-flow wp-block-column-is-layout-flow\">\n<h2 class=\"wp-block-heading alignwide has-text-align-center has-vivid-cyan-blue-color has-text-color has-link-color wp-elements-42da6fccdbca8450d7c63dbfcad017e7\">TEM NH\u00c3N PH\u1ee4<\/h2>\n\n\n\n<p class=\"has-text-align-center\">D\u00e1n l\u00ean s\u1ea3n ph\u1ea9m nh\u1eadp kh\u1ea9u \u0111\u1ec3 b\u1ed5 sung th\u00f4ng tin ti\u1ebfng Vi\u1ec7t nh\u01b0 th\u00e0nh ph\u1ea7n, c\u00e1ch d\u00f9ng, NSX-HSD,\u2026 \u0111\u1ea3m b\u1ea3o theo quy \u0111\u1ecbnh qu\u1ea3n l\u00fd th\u1ecb tr\u01b0\u1eddng.<\/p>\n\n\n\n<figure class=\"wp-block-image size-full\"><img loading=\"lazy\" decoding=\"async\" width=\"868\" height=\"867\" src=\"https:\/\/intemphugiare.com\/wp-content\/uploads\/2025\/06\/Dadang4S.jpg\" alt=\"\" class=\"wp-image-47\" srcset=\"https:\/\/intemphugiare.com\/wp-content\/uploads\/2025\/06\/Dadang4S.jpg 868w, https:\/\/intemphugiare.com\/wp-content\/uploads\/2025\/06\/Dadang4S-300x300.jpg 300w, https:\/\/intemphugiare.com\/wp-content\/uploads\/2025\/06\/Dadang4S-100x100.jpg 100w, https:\/\/intemphugiare.com\/wp-content\/uploads\/2025\/06\/Dadang4S-600x599.jpg 600w, https:\/\/intemphugiare.com\/wp-content\/uploads\/2025\/06\/Dadang4S-768x767.jpg 768w\" sizes=\"auto, (max-width: 868px) 100vw, 868px\" \/><\/figure>\n<\/div>\n\n\n\n<div class=\"wp-block-column is-layout-flow wp-block-column-is-layout-flow\">\n<h2 class=\"wp-block-heading alignwide has-text-align-center has-vivid-cyan-blue-color has-text-color has-link-color wp-elements-0bc656f84cdc5b4d9769eb1915bfe092\">TEM M\u00c3 V\u1ea0CH<\/h2>\n\n\n\n<p class=\"has-text-align-center\">Tem m\u00e3 v\u1ea1ch theo chu\u1ea9n EAN\/UPC\/QR. qu\u00e9t d\u1ec5 d\u00e0ng, gi\u00fap truy\u1ec1n t\u1ea3i \u0111\u1ea7y \u0111\u1ee7 th\u00f4ng tin, n\u00e2ng cao gi\u00e1 tr\u1ecb s\u1ea3n ph\u1ea9m.<\/p>\n\n\n\n<figure class=\"wp-block-image size-full\"><img loading=\"lazy\" decoding=\"async\" width=\"800\" height=\"800\" src=\"https:\/\/intemphugiare.com\/wp-content\/uploads\/2025\/06\/Dadang2S.jpg\" alt=\"\" class=\"wp-image-48\" srcset=\"https:\/\/intemphugiare.com\/wp-content\/uploads\/2025\/06\/Dadang2S.jpg 800w, https:\/\/intemphugiare.com\/wp-content\/uploads\/2025\/06\/Dadang2S-300x300.jpg 300w, https:\/\/intemphugiare.com\/wp-content\/uploads\/2025\/06\/Dadang2S-100x100.jpg 100w, https:\/\/intemphugiare.com\/wp-content\/uploads\/2025\/06\/Dadang2S-600x600.jpg 600w, https:\/\/intemphugiare.com\/wp-content\/uploads\/2025\/06\/Dadang2S-768x768.jpg 768w\" sizes=\"auto, (max-width: 800px) 100vw, 800px\" \/><\/figure>\n<\/div>\n\n\n\n<div class=\"wp-block-column is-layout-flow wp-block-column-is-layout-flow\">\n<h2 class=\"wp-block-heading alignwide has-text-align-center has-vivid-cyan-blue-color has-text-color has-link-color wp-elements-655c72befc8e8b6c6137b5786cd70378\">\u0110A D\u1ea0NG CH\u1ea4T LI\u1ec6U<\/h2>\n\n\n\n<p class=\"has-text-align-center\">\u0110a d\u1ea1ng ch\u1ea5t li\u1ec7u nh\u01b0 gi\u1ea5y decal gi\u1ea5y, decal nh\u1ef1a s\u1eefa, decal nh\u1ef1a trong&#8230;, ph\u00f9 h\u1ee3p cho nhi\u1ec1u m\u1ee5c \u0111\u00edch s\u1eed d\u1ee5ng kh\u00e1c nhau<\/p>\n\n\n\n<figure class=\"wp-block-image size-full\"><img loading=\"lazy\" decoding=\"async\" width=\"800\" height=\"800\" src=\"https:\/\/intemphugiare.com\/wp-content\/uploads\/2025\/06\/Dadang3.jpg\" alt=\"\" class=\"wp-image-49\" srcset=\"https:\/\/intemphugiare.com\/wp-content\/uploads\/2025\/06\/Dadang3.jpg 800w, https:\/\/intemphugiare.com\/wp-content\/uploads\/2025\/06\/Dadang3-300x300.jpg 300w, https:\/\/intemphugiare.com\/wp-content\/uploads\/2025\/06\/Dadang3-100x100.jpg 100w, https:\/\/intemphugiare.com\/wp-content\/uploads\/2025\/06\/Dadang3-600x600.jpg 600w, https:\/\/intemphugiare.com\/wp-content\/uploads\/2025\/06\/Dadang3-768x768.jpg 768w\" sizes=\"auto, (max-width: 800px) 100vw, 800px\" \/><\/figure>\n<\/div>\n<\/div>\n\n\n\n<figure class=\"wp-block-image size-full\"><a href=\"https:\/\/intemphugiare.com\/index.php\/giai-phap-tu-in-tem-phu-chu-dong-tien-loi-tiet-kiem-nhanh-chong\/\"><img loading=\"lazy\" decoding=\"async\" width=\"1536\" height=\"1024\" src=\"https:\/\/intemphugiare.com\/wp-content\/uploads\/2025\/09\/Giaiphaptuintemphu.jpg\" alt=\"\" class=\"wp-image-100\" srcset=\"https:\/\/intemphugiare.com\/wp-content\/uploads\/2025\/09\/Giaiphaptuintemphu.jpg 1536w, https:\/\/intemphugiare.com\/wp-content\/uploads\/2025\/09\/Giaiphaptuintemphu-600x400.jpg 600w, https:\/\/intemphugiare.com\/wp-content\/uploads\/2025\/09\/Giaiphaptuintemphu-768x512.jpg 768w\" sizes=\"auto, (max-width: 1536px) 100vw, 1536px\" \/><\/a><\/figure>\n\n\n\n<p>Gi\u1ea3i ph\u00e1p&nbsp;<strong>t\u1ef1 in tem ph\u1ee5<\/strong>&nbsp;gi\u00fap doanh nghi\u1ec7p ch\u1ee7 \u0111\u1ed9ng ho\u00e0n to\u00e0n trong vi\u1ec7c in \u1ea5n tem nh\u00e3n s\u1ea3n ph\u1ea9m m\u00e0 kh\u00f4ng c\u1ea7n \u0111\u1ea7u t\u01b0 m\u00e1y m\u00f3c chuy\u00ean d\u1ee5ng hay thu\u00ea d\u1ecbch v\u1ee5 b\u00ean ngo\u00e0i. Khi mua&nbsp;<strong>gi\u1ea5y decal b\u1ebf s\u1eb5n&nbsp;<\/strong>t\u1eeb c\u00f4ng ty, kh\u00e1ch h\u00e0ng s\u1ebd \u0111\u01b0\u1ee3c&nbsp;<strong>cung c\u1ea5p gi\u1ea5y decal \u0111\u00e3 b\u1ebf s\u1eb5n theo \u0111\u1ecbnh v\u1ecb,&nbsp;<\/strong>c\u00f9ng&nbsp;<strong>file Word thi\u1ebft k\u1ebf s\u1eb5n c\u00e1c \u00f4 tem t\u01b0\u01a1ng \u1ee9ng<\/strong>. Ng\u01b0\u1eddi d\u00f9ng ch\u1ec9 c\u1ea7n m\u1edf file Word, nh\u1eadp n\u1ed9i dung tem ph\u1ee5 theo nhu c\u1ea7u (t\u00ean s\u1ea3n ph\u1ea9m, th\u00e0nh ph\u1ea7n, xu\u1ea5t x\u1ee9, h\u01b0\u1edbng d\u1eabn s\u1eed d\u1ee5ng, v.v.) r\u1ed3i&nbsp;<strong>t\u1ef1 in tr\u1ef1c ti\u1ebfp tr\u00ean m\u00e1y in laser v\u0103n ph\u00f2ng, m\u00e1y in phun, m\u00e1y photocopy th\u00f4ng th\u01b0\u1eddng<\/strong>.<\/p>\n\n\n\n<div class=\"wp-block-buttons is-content-justification-center is-layout-flex wp-container-core-buttons-is-layout-16018d1d wp-block-buttons-is-layout-flex\">\n<div class=\"wp-block-button is-style-fill\"><a class=\"wp-block-button__link has-vivid-cyan-blue-background-color has-background has-medium-font-size has-text-align-center has-custom-font-size wp-element-button\" href=\"https:\/\/intemphugiare.com\/index.php\/giai-phap-tu-in-tem-phu-chu-dong-tien-loi-tiet-kiem-nhanh-chong\/\"><strong>T\u00ccM HI\u1ec2U TH\u00caM<\/strong><\/a><\/div>\n<\/div>\n\n\n\n<hr class=\"wp-block-separator has-text-color has-vivid-cyan-blue-color has-alpha-channel-opacity has-vivid-cyan-blue-background-color has-background is-style-wide\" id=\"vechungtoi\"\/>\n\n\n\n<h2 class=\"wp-block-heading has-text-align-center has-vivid-cyan-blue-color has-text-color has-link-color has-large-font-size wp-elements-29f02b993ecdc187f9fa86346854d66e\">B\u1ea0N \u0110\u01af\u1ee2C G\u00cc KHI \u0110\u1ebeN V\u1edaI CH\u00daNG T\u00d4I<\/h2>\n\n\n\n<p>Ch\u00fang t\u00f4i t\u01b0 v\u1ea5n, cung c\u1ea5p d\u1ecbnh v\u1ee5 in tem nh\u00e3n ph\u1ee5 d\u00e1n l\u00ean c\u00e1c s\u1ea3n ph\u1ea9m nh\u1eadp kh\u1ea9u \u0111\u1ec3 b\u1ed5 sung th\u00f4ng tin b\u1eaft bu\u1ed9c b\u1eb1ng ti\u1ebfng Vi\u1ec7t nh\u01b0: th\u00e0nh ph\u1ea7n, c\u00f4ng d\u1ee5ng, xu\u1ea5t x\u1ee9, h\u01b0\u1edbng d\u1eabn s\u1eed d\u1ee5ng, ng\u00e0y s\u1ea3n xu\u1ea5t \u2013 h\u1ea1n s\u1eed d\u1ee5ng,\u2026 \u0111\u1ea3m b\u1ea3o \u0111\u00fang quy \u0111\u1ecbnh c\u1ee7a c\u01a1 quan qu\u1ea3n l\u00fd th\u1ecb tr\u01b0\u1eddng. Ngo\u00e0i ra, \u0111\u1ec3 t\u1ea1o thu\u1eadn l\u1ee3i cho c\u00e1c doanh nghi\u1ec7p t\u1ef1 in tem nh\u00e3n ph\u1ee5 ngay t\u1ea1i c\u00f4ng ty, ch\u00fang t\u00f4i c\u00f2n cung c\u1ea5p gi\u1ea3i ph\u00e1p t\u1ef1 in.<\/p>\n\n\n\n<div class=\"wp-block-columns is-layout-flex wp-container-core-columns-is-layout-9d6595d7 wp-block-columns-is-layout-flex\">\n<div class=\"wp-block-column is-layout-flow wp-block-column-is-layout-flow\"><div class=\"wp-block-image\">\n<figure class=\"aligncenter size-full\"><img loading=\"lazy\" decoding=\"async\" width=\"150\" height=\"149\" src=\"https:\/\/intemphugiare.com\/wp-content\/uploads\/2025\/06\/Thietke.jpg\" alt=\"\" class=\"wp-image-58\" srcset=\"https:\/\/intemphugiare.com\/wp-content\/uploads\/2025\/06\/Thietke.jpg 150w, https:\/\/intemphugiare.com\/wp-content\/uploads\/2025\/06\/Thietke-100x100.jpg 100w\" sizes=\"auto, (max-width: 150px) 100vw, 150px\" \/><\/figure>\n<\/div>\n\n\n<h2 class=\"wp-block-heading has-text-align-center has-vivid-cyan-blue-color has-text-color has-link-color wp-elements-4d24c315e42352d48c0025156867d64c\">THI\u1ebeT K\u1ebe MI\u1ec4N PH\u00cd<\/h2>\n\n\n\n<p class=\"has-text-align-center\">H\u1ed7 tr\u1ee3 thi\u1ebft k\u1ebf t\u1eeb \u0111\u1ea7u, b\u1ed1 c\u1ee5c r\u00f5 r\u00e0ng, d\u1ec5 \u0111\u1ecdc, c\u00f3 th\u1ec3 ch\u00e8n logo, barcode,\u2026<\/p>\n<\/div>\n\n\n\n<div class=\"wp-block-column is-layout-flow wp-block-column-is-layout-flow\"><div class=\"wp-block-image\">\n<figure class=\"aligncenter size-full\"><img loading=\"lazy\" decoding=\"async\" width=\"150\" height=\"150\" src=\"https:\/\/intemphugiare.com\/wp-content\/uploads\/2025\/06\/so-luongs.jpg\" alt=\"\" class=\"wp-image-85\" srcset=\"https:\/\/intemphugiare.com\/wp-content\/uploads\/2025\/06\/so-luongs.jpg 150w, https:\/\/intemphugiare.com\/wp-content\/uploads\/2025\/06\/so-luongs-100x100.jpg 100w\" sizes=\"auto, (max-width: 150px) 100vw, 150px\" \/><\/figure>\n<\/div>\n\n\n<h2 class=\"wp-block-heading has-text-align-center has-vivid-cyan-blue-color has-text-color has-link-color wp-elements-c88102c91eba830b5787c3f61098ffe8\">IN M\u1eccI S\u1ed0 L\u01af\u1ee2NG, GI\u00c1 R\u1eba<\/h2>\n\n\n\n<p class=\"has-text-align-center\">Nh\u1eadn in theo k\u00edch th\u01b0\u1edbc, ch\u1ea5t li\u1ec7u v\u00e0 In s\u1ed1 l\u01b0\u1ee3ng \u00edt \u2013 Gi\u00e1 r\u1ebb<\/p>\n<\/div>\n\n\n\n<div class=\"wp-block-column is-layout-flow wp-block-column-is-layout-flow\"><div class=\"wp-block-image\">\n<figure class=\"aligncenter size-full\"><img loading=\"lazy\" decoding=\"async\" width=\"150\" height=\"150\" src=\"https:\/\/intemphugiare.com\/wp-content\/uploads\/2025\/06\/times.jpg\" alt=\"\" class=\"wp-image-86\" srcset=\"https:\/\/intemphugiare.com\/wp-content\/uploads\/2025\/06\/times.jpg 150w, https:\/\/intemphugiare.com\/wp-content\/uploads\/2025\/06\/times-100x100.jpg 100w\" sizes=\"auto, (max-width: 150px) 100vw, 150px\" \/><\/figure>\n<\/div>\n\n\n<h2 class=\"wp-block-heading has-text-align-center has-vivid-cyan-blue-color has-text-color has-link-color wp-elements-bf2b5465c5bd532a01efc92314c92520\">GIAO H\u00c0NG NHANH<\/h2>\n\n\n\n<p class=\"has-text-align-center\">M\u00e1y in, m\u00e1y b\u1ebf hi\u1ec7n \u0111\u1ea1i, \u0111\u00e1p \u1ee9ng nhu c\u1ea7u giao h\u00e0ng nhanh trong v\u00f2ng 24-48 gi\u1edd.<\/p>\n<\/div>\n<\/div>\n\n\n\n<hr class=\"wp-block-separator has-text-color has-vivid-cyan-blue-color has-alpha-channel-opacity has-vivid-cyan-blue-background-color has-background is-style-wide\" id=\"banggia\"\/>\n\n\n\n<h2 class=\"wp-block-heading has-text-align-center has-vivid-cyan-blue-color has-text-color has-link-color has-large-font-size wp-elements-b0e063b2bcc53de99e77bf09e5f2d353\">B\u1ea2NG GI\u00c1 IN M\u1ed8T S\u1ed0 M\u1eaaU TEM<\/h2>\n\n\n\n<p class=\"has-text-align-center\">Gi\u00e1 in tr\u00ean decal gi\u1ea5y, in 1 m\u00e0u \u0111en, kh\u00f4ng c\u00e1ng m\u00e0ng, b\u1ebf demi th\u00e0nh ph\u1ea9m<\/p>\n\n\n\n<figure class=\"wp-block-table is-style-stripes\"><table><thead><tr><th class=\"has-text-align-center\" data-align=\"center\">S\u1ed1 l\u01b0\u1ee3ng<\/th><th class=\"has-text-align-center\" data-align=\"center\">3x3cm<\/th><th class=\"has-text-align-center\" data-align=\"center\">4x4cm<\/th><th class=\"has-text-align-center\" data-align=\"center\">5x5cm<\/th><th class=\"has-text-align-center\" data-align=\"center\">6x6cm<\/th><th class=\"has-text-align-center\" data-align=\"center\">3x5cm<\/th><th class=\"has-text-align-center\" data-align=\"center\">4x6cm<\/th><th class=\"has-text-align-center\" data-align=\"center\">6x8cm<\/th><th class=\"has-text-align-center\" data-align=\"center\">7x10cm<\/th><th class=\"has-text-align-center\" data-align=\"center\">5x7cm<\/th><\/tr><\/thead><tbody><tr><td class=\"has-text-align-center\" data-align=\"center\"><strong>100 <\/strong><\/td><td class=\"has-text-align-center\" data-align=\"center\">20.000<\/td><td class=\"has-text-align-center\" data-align=\"center\">30.000<\/td><td class=\"has-text-align-center\" data-align=\"center\">40.000<\/td><td class=\"has-text-align-center\" data-align=\"center\">50.000<\/td><td class=\"has-text-align-center\" data-align=\"center\">30.000<\/td><td class=\"has-text-align-center\" data-align=\"center\">40.000<\/td><td class=\"has-text-align-center\" data-align=\"center\">60.000<\/td><td class=\"has-text-align-center\" data-align=\"center\">80.000<\/td><td class=\"has-text-align-center\" data-align=\"center\">50.000<\/td><\/tr><tr><td class=\"has-text-align-center\" data-align=\"center\"><strong>200<\/strong><\/td><td class=\"has-text-align-center\" data-align=\"center\">30.000<\/td><td class=\"has-text-align-center\" data-align=\"center\">40.000<\/td><td class=\"has-text-align-center\" data-align=\"center\">70.000<\/td><td class=\"has-text-align-center\" data-align=\"center\">90.000<\/td><td class=\"has-text-align-center\" data-align=\"center\">40.000<\/td><td class=\"has-text-align-center\" data-align=\"center\">70.000<\/td><td class=\"has-text-align-center\" data-align=\"center\">100.000<\/td><td class=\"has-text-align-center\" data-align=\"center\">130.000<\/td><td class=\"has-text-align-center\" data-align=\"center\">85.000<\/td><\/tr><tr><td class=\"has-text-align-center\" data-align=\"center\"><strong>500<\/strong><\/td><td class=\"has-text-align-center\" data-align=\"center\">50.000<\/td><td class=\"has-text-align-center\" data-align=\"center\">80.000<\/td><td class=\"has-text-align-center\" data-align=\"center\">130.000<\/td><td class=\"has-text-align-center\" data-align=\"center\">155.000<\/td><td class=\"has-text-align-center\" data-align=\"center\">80.000<\/td><td class=\"has-text-align-center\" data-align=\"center\">130.000<\/td><td class=\"has-text-align-center\" data-align=\"center\">175.000<\/td><td class=\"has-text-align-center\" data-align=\"center\">270.000<\/td><td class=\"has-text-align-center\" data-align=\"center\">150.000<\/td><\/tr><tr><td class=\"has-text-align-center\" data-align=\"center\"><strong>1.000<\/strong><\/td><td class=\"has-text-align-center\" data-align=\"center\">85.000<\/td><td class=\"has-text-align-center\" data-align=\"center\">130.000<\/td><td class=\"has-text-align-center\" data-align=\"center\">190.000<\/td><td class=\"has-text-align-center\" data-align=\"center\">220.000<\/td><td class=\"has-text-align-center\" data-align=\"center\">130.000<\/td><td class=\"has-text-align-center\" data-align=\"center\">185.000<\/td><td class=\"has-text-align-center\" data-align=\"center\">260.000<\/td><td class=\"has-text-align-center\" data-align=\"center\">450.000<\/td><td class=\"has-text-align-center\" data-align=\"center\">230.000<\/td><\/tr><tr><td class=\"has-text-align-center\" data-align=\"center\"><strong>2.000<\/strong><\/td><td class=\"has-text-align-center\" data-align=\"center\">150.000<\/td><td class=\"has-text-align-center\" data-align=\"center\">220.000<\/td><td class=\"has-text-align-center\" data-align=\"center\">285.000<\/td><td class=\"has-text-align-center\" data-align=\"center\">350.000<\/td><td class=\"has-text-align-center\" data-align=\"center\">220.000<\/td><td class=\"has-text-align-center\" data-align=\"center\">275.000<\/td><td class=\"has-text-align-center\" data-align=\"center\">400.000<\/td><td class=\"has-text-align-center\" data-align=\"center\">630.000<\/td><td class=\"has-text-align-center\" data-align=\"center\">320.000<\/td><\/tr><\/tbody><\/table><figcaption class=\"wp-element-caption\"><em>Gi\u00e1 tr\u00ean ch\u01b0a bao g\u1ed3m VAT, ph\u00ed v\u1eadn chuy\u1ec3n.<\/em><\/figcaption><\/figure>\n\n\n\n<p class=\"has-vivid-red-color has-text-color has-link-color has-medium-font-size wp-elements-d3ab851b42a5fc1cecc784ebcf1c5710\"><strong>In s\u1ed1 l\u01b0\u1ee3ng c\u00e0ng nhi\u1ec1u, gi\u00e1 c\u00e0ng r\u1ebb. <\/strong>C\u00e1c k\u00edch th\u01b0\u1edbc, s\u1ed1 l\u01b0\u1ee3ng, ch\u1ea5t li\u1ec7u kh\u00e1c, vui l\u00f2ng li\u00ean h\u1ec7: <strong>0916812385<\/strong> (Zalo) \u0111\u1ec3 \u0111\u01b0\u1ee3c b\u00e1o gi\u00e1 t\u1ed1t.<\/p>\n\n\n\n<hr class=\"wp-block-separator has-text-color has-vivid-cyan-blue-color has-alpha-channel-opacity has-vivid-cyan-blue-background-color has-background is-style-wide\" id=\"lienhe\"\/>\n\n\n\n<h2 class=\"wp-block-heading has-text-align-center has-vivid-cyan-blue-color has-text-color has-link-color has-large-font-size wp-elements-65553ffe07283275f15bac22d428863b\">LI\u00caN H\u1ec6<\/h2>\n\n\n\n<div class=\"wp-block-columns is-layout-flex wp-container-core-columns-is-layout-9d6595d7 wp-block-columns-is-layout-flex\">\n<div class=\"wp-block-column is-layout-flow wp-block-column-is-layout-flow\">\n<p><strong>C\u00d4NG TY TNHH SX TM DV T\u1ea4N LONG<\/strong><br>97 Nguy\u1ec5n Ch\u00ed Thanh, ph\u01b0\u1eddng 16, qu\u1eadn 11, TP. H\u1ed3 Ch\u00ed Minh<br>Hotline: 0916812385 (Zalo)<\/p>\n\n\n\n<iframe src=\"https:\/\/www.google.com\/maps\/embed?pb=!1m18!1m12!1m3!1d3919.716090056961!2d106.64599707408723!3d10.756350259565654!2m3!1f0!2f0!3f0!3m2!1i1024!2i768!4f13.1!3m3!1m2!1s0x31752e8c4b950bd5%3A0x27af93c244f44ba1!2zOTcgxJAuIE5ndXnhu4VuIENow60gVGhhbmgsIFBoxrDhu51uZyAxNiwgUXXhuq1uIDExLCBI4buTIENow60gTWluaCA3NTA1MTAsIFZp4buHdCBOYW0!5e0!3m2!1svi!2s!4v1751080156525!5m2!1svi!2s\" width=\"100%\" height=\"400\" style=\"border:0;\" allowfullscreen=\"\" loading=\"lazy\" referrerpolicy=\"no-referrer-when-downgrade\"><\/iframe>\n<\/div>\n\n\n\n<div class=\"wp-block-column is-layout-flow wp-block-column-is-layout-flow\">\n<div class=\"wpcf7 no-js\" id=\"wpcf7-f75-o1\" lang=\"vi\" dir=\"ltr\" data-wpcf7-id=\"75\">\n<div class=\"screen-reader-response\"><p role=\"status\" aria-live=\"polite\" aria-atomic=\"true\"><\/p> <ul><\/ul><\/div>\n<form action=\"\/index.php\/wp-json\/wp\/v2\/pages\/17#wpcf7-f75-o1\" method=\"post\" class=\"wpcf7-form init\" aria-label=\"Form li\u00ean h\u1ec7\" novalidate=\"novalidate\" data-status=\"init\">\n<fieldset class=\"hidden-fields-container\"><input type=\"hidden\" name=\"_wpcf7\" value=\"75\" \/><input type=\"hidden\" name=\"_wpcf7_version\" value=\"6.1.5\" \/><input type=\"hidden\" name=\"_wpcf7_locale\" value=\"vi\" \/><input type=\"hidden\" name=\"_wpcf7_unit_tag\" value=\"wpcf7-f75-o1\" \/><input type=\"hidden\" name=\"_wpcf7_container_post\" value=\"0\" \/><input type=\"hidden\" name=\"_wpcf7_posted_data_hash\" value=\"\" \/>\n<\/fieldset>\n<style>\ninput[type=text] {\n border: 0px;\n border-bottom: 1px solid grey;\n border-radius: 1px;\n}\ninput[type=email] {\n border: 0px;\n border-bottom: 1px solid grey;\n border-radius: 1px;\n}\ninput[type=tel] {\n border: 0px;\n border-bottom: 1px solid grey;\n border-radius: 1px;\n width: 100%;\n}\ninput[type=submit] {\n background:#4dc7ec;\n color: white;\n}\n<\/style>\n<p><label> T\u00ean c\u1ee7a b\u1ea1n<br \/>\n<span class=\"wpcf7-form-control-wrap\" data-name=\"your-name\"><input size=\"40\" maxlength=\"400\" class=\"wpcf7-form-control wpcf7-text wpcf7-validates-as-required\" autocomplete=\"name\" aria-required=\"true\" aria-invalid=\"false\" value=\"\" type=\"text\" name=\"your-name\" \/><\/span> <\/label>\n<\/p>\n<p><label> S\u1ed1 \u0111i\u1ec7n tho\u1ea1i<br \/>\n<span class=\"wpcf7-form-control-wrap\" data-name=\"tel-301\"><input size=\"40\" maxlength=\"10\" minlength=\"10\" class=\"wpcf7-form-control wpcf7-tel wpcf7-validates-as-required wpcf7-text wpcf7-validates-as-tel\" aria-required=\"true\" aria-invalid=\"false\" value=\"\" type=\"tel\" name=\"tel-301\" \/><\/span> <\/label>\n<\/p>\n<p><label> Ti\u00eau \u0111\u1ec1:<br \/>\n<span class=\"wpcf7-form-control-wrap\" data-name=\"your-subject\"><input size=\"40\" maxlength=\"400\" class=\"wpcf7-form-control wpcf7-text wpcf7-validates-as-required\" aria-required=\"true\" aria-invalid=\"false\" value=\"\" type=\"text\" name=\"your-subject\" \/><\/span> <\/label>\n<\/p>\n<p><label> Tin nh\u1eafn c\u1ee7a b\u1ea1n (kh\u00f4ng b\u1eaft bu\u1ed9c)<br \/>\n<span class=\"wpcf7-form-control-wrap\" data-name=\"your-message\"><textarea cols=\"40\" rows=\"10\" maxlength=\"2000\" class=\"wpcf7-form-control wpcf7-textarea\" aria-invalid=\"false\" name=\"your-message\"><\/textarea><\/span> <\/label>\n<\/p>\n<p><div id=\"cf7sr-69e34bdf75241\" class=\"cf7sr-g-recaptcha\" data-theme=\"light\" data-type=\"image\" data-size=\"normal\" data-sitekey=\"6LdJFQksAAAAAAipdchUoq9HvUmg8zOJcrD_fReA\"><\/div><span class=\"wpcf7-form-control-wrap cf7sr-recaptcha\" data-name=\"cf7sr-recaptcha\"><input type=\"hidden\" name=\"cf7sr-recaptcha\" value=\"\" class=\"wpcf7-form-control\"><\/span>\n<\/p>\n<p><input class=\"wpcf7-form-control wpcf7-submit has-spinner\" type=\"submit\" value=\"G\u1eedi\" \/>\n<\/p><div class=\"wpcf7-response-output\" aria-hidden=\"true\"><\/div>\n<\/form>\n<\/div>\n\n<\/div>\n<\/div>\n\n\n\n<p><\/p>\n","protected":false},"excerpt":{"rendered":"<p>IN TEM PH\u1ee4, TEM M\u00c3 V\u1ea0CH Tem ph\u1ee5, tem m\u00e3 v\u1ea1ch c\u00f3 vai tr\u00f2 quan tr\u1ecdng trong vi\u1ec7c cung c\u1ea5p th\u00f4ng tin s\u1ea3n ph\u1ea9m, h\u00e0ng h\u00f3a t\u1eeb nh\u00e0 s\u1ea3n xu\u1ea5t \u0111\u1ebfn ng\u01b0\u1eddi ti\u00eau d\u00f9ng. H\u01a1n n\u1eefa, tem nh\u00e3n ph\u1ee5 l\u00e0 y\u00eau c\u1ea7u b\u1eaft bu\u1ed9c&nbsp;\u0111\u1ed1i v\u1edbi h\u00e0ng h\u00f3a nh\u1eadp kh\u1ea9u ch\u01b0a c\u00f3 n\u1ed9i dung b\u1eb1ng ti\u1ebfng&hellip;&nbsp;<a href=\"https:\/\/intemphugiare.com\/\" rel=\"bookmark\"><span class=\"screen-reader-text\">Home<\/span><\/a><\/p>\n","protected":false},"author":1,"featured_media":0,"parent":0,"menu_order":0,"comment_status":"closed","ping_status":"closed","template":"","meta":{"neve_meta_sidebar":"default","neve_meta_container":"contained","neve_meta_enable_content_width":"off","neve_meta_content_width":80,"neve_meta_title_alignment":"","neve_meta_author_avatar":"","neve_post_elements_order":"","neve_meta_disable_header":"","neve_meta_disable_footer":"","neve_meta_disable_title":"on","footnotes":""},"class_list":["post-17","page","type-page","status-publish","hentry"],"_links":{"self":[{"href":"https:\/\/intemphugiare.com\/index.php\/wp-json\/wp\/v2\/pages\/17","targetHints":{"allow":["GET"]}}],"collection":[{"href":"https:\/\/intemphugiare.com\/index.php\/wp-json\/wp\/v2\/pages"}],"about":[{"href":"https:\/\/intemphugiare.com\/index.php\/wp-json\/wp\/v2\/types\/page"}],"author":[{"embeddable":true,"href":"https:\/\/intemphugiare.com\/index.php\/wp-json\/wp\/v2\/users\/1"}],"replies":[{"embeddable":true,"href":"https:\/\/intemphugiare.com\/index.php\/wp-json\/wp\/v2\/comments?post=17"}],"version-history":[{"count":7,"href":"https:\/\/intemphugiare.com\/index.php\/wp-json\/wp\/v2\/pages\/17\/revisions"}],"predecessor-version":[{"id":396,"href":"https:\/\/intemphugiare.com\/index.php\/wp-json\/wp\/v2\/pages\/17\/revisions\/396"}],"wp:attachment":[{"href":"https:\/\/intemphugiare.com\/index.php\/wp-json\/wp\/v2\/media?parent=17"}],"curies":[{"name":"wp","href":"https:\/\/api.w.org\/{rel}","templated":true}]}}