{"id":103,"date":"2025-10-17T08:36:44","date_gmt":"2025-10-17T01:36:44","guid":{"rendered":"https:\/\/intemphugiare.com\/?page_id=103"},"modified":"2025-11-25T10:40:31","modified_gmt":"2025-11-25T03:40:31","slug":"giai-phap-tu-in-tem-phu-chu-dong-tien-loi-tiet-kiem-nhanh-chong","status":"publish","type":"page","link":"https:\/\/intemphugiare.com\/index.php\/giai-phap-tu-in-tem-phu-chu-dong-tien-loi-tiet-kiem-nhanh-chong\/","title":{"rendered":"Gi\u1ea3i ph\u00e1p t\u1ef1 in tem ph\u1ee5: Ch\u1ee7 \u0111\u1ed9ng &#8211; Ti\u1ec7n l\u1ee3i &#8211; Ti\u1ebft ki\u1ec7m &#8211; Nhanh ch\u00f3ng"},"content":{"rendered":"\n<p>Gi\u1ea3i ph\u00e1p <strong>t\u1ef1 in tem ph\u1ee5<\/strong> gi\u00fap doanh nghi\u1ec7p ch\u1ee7 \u0111\u1ed9ng ho\u00e0n to\u00e0n trong vi\u1ec7c in \u1ea5n tem nh\u00e3n s\u1ea3n ph\u1ea9m m\u00e0 kh\u00f4ng c\u1ea7n \u0111\u1ea7u t\u01b0 m\u00e1y m\u00f3c chuy\u00ean d\u1ee5ng hay thu\u00ea d\u1ecbch v\u1ee5 b\u00ean ngo\u00e0i. Khi mua <strong>gi\u1ea5y decal b\u1ebf s\u1eb5n <\/strong>t\u1eeb c\u00f4ng ty, kh\u00e1ch h\u00e0ng s\u1ebd \u0111\u01b0\u1ee3c <strong>cung c\u1ea5p gi\u1ea5y decal \u0111\u00e3 b\u1ebf s\u1eb5n theo \u0111\u1ecbnh v\u1ecb, <\/strong>c\u00f9ng <strong>file Word thi\u1ebft k\u1ebf s\u1eb5n c\u00e1c \u00f4 tem t\u01b0\u01a1ng \u1ee9ng<\/strong>. Ng\u01b0\u1eddi d\u00f9ng ch\u1ec9 c\u1ea7n m\u1edf file Word, nh\u1eadp n\u1ed9i dung tem ph\u1ee5 theo nhu c\u1ea7u (t\u00ean s\u1ea3n ph\u1ea9m, th\u00e0nh ph\u1ea7n, xu\u1ea5t x\u1ee9, h\u01b0\u1edbng d\u1eabn s\u1eed d\u1ee5ng, v.v.) r\u1ed3i <strong>t\u1ef1 in tr\u1ef1c ti\u1ebfp tr\u00ean m\u00e1y in laser v\u0103n ph\u00f2ng, m\u00e1y in phun, m\u00e1y photocopy th\u00f4ng th\u01b0\u1eddng<\/strong>.<\/p>\n\n\n<div class=\"wp-block-image\">\n<figure class=\"aligncenter size-full is-resized\"><img loading=\"lazy\" decoding=\"async\" width=\"1536\" height=\"1024\" src=\"https:\/\/intemphugiare.com\/wp-content\/uploads\/2025\/09\/Giaiphaptuintemphu.jpg\" alt=\"\" class=\"wp-image-100\" style=\"width:600px\" srcset=\"https:\/\/intemphugiare.com\/wp-content\/uploads\/2025\/09\/Giaiphaptuintemphu.jpg 1536w, https:\/\/intemphugiare.com\/wp-content\/uploads\/2025\/09\/Giaiphaptuintemphu-600x400.jpg 600w, https:\/\/intemphugiare.com\/wp-content\/uploads\/2025\/09\/Giaiphaptuintemphu-768x512.jpg 768w\" sizes=\"auto, (max-width: 1536px) 100vw, 1536px\" \/><\/figure>\n<\/div>\n\n\n<p>Gi\u1ea3i ph\u00e1p n\u00e0y gi\u00fap <strong>ti\u1ebft ki\u1ec7m th\u1eddi gian, chi ph\u00ed<\/strong>, \u0111\u1ed3ng th\u1eddi \u0111\u1ea3m b\u1ea3o <strong>t\u00ednh linh ho\u1ea1t v\u00e0 th\u1ea9m m\u1ef9 cao<\/strong> cho t\u1eebng l\u00f4 h\u00e0ng. Ph\u00f9 h\u1ee3p v\u1edbi c\u00e1c \u0111\u01a1n v\u1ecb nh\u1eadp kh\u1ea9u, \u0111\u1ea1i l\u00fd ph\u00e2n ph\u1ed1i c\u1ea7n in tem ph\u1ee5 nhanh, ti\u1ebft ki\u1ec7m.<\/p>\n\n\n\n<p>Ngo\u00e0i ra, decal b\u1ebf s\u1eb5n c\u00f2n \u0111\u01b0\u1ee3c s\u1eed d\u1ee5ng \u0111\u1ec3 <strong>t\u1ef1 in tem s\u1ea3n ph\u1ea9m, nh\u00e3n d\u00e1n c\u1ea3nh b\u00e1o,&#8230;<\/strong><\/p>\n\n\n\n<p>S\u1ea3n ph\u1ea9m gi\u1ea5y b\u1ebf s\u1eb5n c\u00f3 nhi\u1ec1u k\u00edch th\u01b0\u1edbc tem ph\u00f9 h\u1ee3p v\u1edbi c\u00e1c nhu c\u1ea7u kh\u00e1c nhau. Ngo\u00e0i ra, ch\u00fang t\u00f4i c\u0169ng s\u1eb5n s\u00e0ng <strong>cung c\u1ea5p gi\u1ea5y b\u1ebf s\u1eb5n theo y\u00eau c\u1ea7u ri\u00eang<\/strong>, k\u00e8m theo <strong>file word \u0111\u01b0\u1ee3c thi\u1ebft k\u1ebf ri\u00eang cho \u0111\u1ecbnh d\u1ea1ng gi\u1ea5y b\u1ebf s\u1eb5n, \u0111\u00fang y\u00eau c\u1ea7u ri\u00eang c\u1ee7a qu\u00fd kh\u00e1ch.<\/strong><\/p>\n\n\n\n<p>Sau \u0111\u00e2y l\u00e0 c\u00e1c s\u1ea3n ph\u1ea9m decal b\u1ebf s\u1eb5n:<\/p>\n\n\n\n<div class=\"wp-block-columns is-layout-flex wp-container-core-columns-is-layout-9d6595d7 wp-block-columns-is-layout-flex\">\n<div class=\"wp-block-column is-layout-flow wp-block-column-is-layout-flow\">\n<figure class=\"wp-block-image size-full\"><a href=\"https:\/\/intemphugiare.com\/index.php\/san-pham\/decal-be-san\/\"><img loading=\"lazy\" decoding=\"async\" width=\"800\" height=\"800\" src=\"https:\/\/intemphugiare.com\/wp-content\/uploads\/2025\/11\/99-A4-25x100-3.jpg\" alt=\"\" class=\"wp-image-155\" srcset=\"https:\/\/intemphugiare.com\/wp-content\/uploads\/2025\/11\/99-A4-25x100-3.jpg 800w, https:\/\/intemphugiare.com\/wp-content\/uploads\/2025\/11\/99-A4-25x100-3-768x768.jpg 768w, https:\/\/intemphugiare.com\/wp-content\/uploads\/2025\/11\/99-A4-25x100-3-300x300.jpg 300w, https:\/\/intemphugiare.com\/wp-content\/uploads\/2025\/11\/99-A4-25x100-3-600x600.jpg 600w, https:\/\/intemphugiare.com\/wp-content\/uploads\/2025\/11\/99-A4-25x100-3-100x100.jpg 100w\" sizes=\"auto, (max-width: 800px) 100vw, 800px\" \/><\/a><\/figure>\n\n\n\n<p class=\"has-text-align-center\"><strong><a href=\"https:\/\/intemphugiare.com\/index.php\/san-pham\/decal-be-san\/\">26&#215;100 mm (MH: 99)<\/a><\/strong><\/p>\n<\/div>\n\n\n\n<div class=\"wp-block-column is-layout-flow wp-block-column-is-layout-flow\">\n<figure class=\"wp-block-image size-full\"><a href=\"https:\/\/intemphugiare.com\/index.php\/san-pham\/decal-be-san\/\"><img loading=\"lazy\" decoding=\"async\" width=\"800\" height=\"800\" src=\"https:\/\/intemphugiare.com\/wp-content\/uploads\/2025\/11\/100-A4-38x100-0.jpg\" alt=\"\" class=\"wp-image-278\" srcset=\"https:\/\/intemphugiare.com\/wp-content\/uploads\/2025\/11\/100-A4-38x100-0.jpg 800w, https:\/\/intemphugiare.com\/wp-content\/uploads\/2025\/11\/100-A4-38x100-0-768x768.jpg 768w, https:\/\/intemphugiare.com\/wp-content\/uploads\/2025\/11\/100-A4-38x100-0-300x300.jpg 300w, https:\/\/intemphugiare.com\/wp-content\/uploads\/2025\/11\/100-A4-38x100-0-600x600.jpg 600w, https:\/\/intemphugiare.com\/wp-content\/uploads\/2025\/11\/100-A4-38x100-0-100x100.jpg 100w, https:\/\/intemphugiare.com\/wp-content\/uploads\/2025\/11\/100-A4-38x100-0-50x50.jpg 50w\" sizes=\"auto, (max-width: 800px) 100vw, 800px\" \/><\/a><\/figure>\n\n\n\n<p class=\"has-text-align-center\"><a href=\"https:\/\/intemphugiare.com\/index.php\/san-pham\/decal-be-san\/\"><strong>38&#215;100 mm (MH: 100)<\/strong><\/a><\/p>\n<\/div>\n\n\n\n<div class=\"wp-block-column is-layout-flow wp-block-column-is-layout-flow\">\n<figure class=\"wp-block-image size-full\"><a href=\"https:\/\/intemphugiare.com\/index.php\/san-pham\/decal-be-san\/\"><img loading=\"lazy\" decoding=\"async\" width=\"800\" height=\"800\" src=\"https:\/\/intemphugiare.com\/wp-content\/uploads\/2025\/11\/101-44x100-0.jpg\" alt=\"\" class=\"wp-image-279\" srcset=\"https:\/\/intemphugiare.com\/wp-content\/uploads\/2025\/11\/101-44x100-0.jpg 800w, https:\/\/intemphugiare.com\/wp-content\/uploads\/2025\/11\/101-44x100-0-768x768.jpg 768w, https:\/\/intemphugiare.com\/wp-content\/uploads\/2025\/11\/101-44x100-0-300x300.jpg 300w, https:\/\/intemphugiare.com\/wp-content\/uploads\/2025\/11\/101-44x100-0-600x600.jpg 600w, https:\/\/intemphugiare.com\/wp-content\/uploads\/2025\/11\/101-44x100-0-100x100.jpg 100w, https:\/\/intemphugiare.com\/wp-content\/uploads\/2025\/11\/101-44x100-0-50x50.jpg 50w\" sizes=\"auto, (max-width: 800px) 100vw, 800px\" \/><\/a><\/figure>\n\n\n\n<p class=\"has-text-align-center\"><strong><a href=\"https:\/\/intemphugiare.com\/index.php\/san-pham\/decal-be-san\/\">44&#215;100 mm (MH: 101)<\/a><\/strong><\/p>\n<\/div>\n\n\n\n<div class=\"wp-block-column is-layout-flow wp-block-column-is-layout-flow\">\n<figure class=\"wp-block-image size-full\"><a href=\"https:\/\/intemphugiare.com\/index.php\/san-pham\/decal-be-san\/\"><img loading=\"lazy\" decoding=\"async\" width=\"800\" height=\"800\" src=\"https:\/\/intemphugiare.com\/wp-content\/uploads\/2025\/11\/A4-102-53x100-0.jpg\" alt=\"\" class=\"wp-image-280\" srcset=\"https:\/\/intemphugiare.com\/wp-content\/uploads\/2025\/11\/A4-102-53x100-0.jpg 800w, https:\/\/intemphugiare.com\/wp-content\/uploads\/2025\/11\/A4-102-53x100-0-768x768.jpg 768w, https:\/\/intemphugiare.com\/wp-content\/uploads\/2025\/11\/A4-102-53x100-0-300x300.jpg 300w, https:\/\/intemphugiare.com\/wp-content\/uploads\/2025\/11\/A4-102-53x100-0-600x600.jpg 600w, https:\/\/intemphugiare.com\/wp-content\/uploads\/2025\/11\/A4-102-53x100-0-100x100.jpg 100w, https:\/\/intemphugiare.com\/wp-content\/uploads\/2025\/11\/A4-102-53x100-0-50x50.jpg 50w\" sizes=\"auto, (max-width: 800px) 100vw, 800px\" \/><\/a><\/figure>\n\n\n\n<p class=\"has-text-align-center\"><strong><a href=\"https:\/\/intemphugiare.com\/index.php\/san-pham\/decal-be-san\/\">53&#215;100 mm (MH: 102)<\/a><\/strong><\/p>\n<\/div>\n<\/div>\n\n\n\n<hr class=\"wp-block-separator has-text-color has-black-color has-alpha-channel-opacity has-black-background-color has-background is-style-default\"\/>\n\n\n\n<div class=\"wp-block-columns is-layout-flex wp-container-core-columns-is-layout-9d6595d7 wp-block-columns-is-layout-flex\">\n<div class=\"wp-block-column is-layout-flow wp-block-column-is-layout-flow\">\n<figure class=\"wp-block-image size-full\"><a href=\"https:\/\/intemphugiare.com\/index.php\/san-pham\/decal-be-san\/\"><img loading=\"lazy\" decoding=\"async\" width=\"800\" height=\"800\" src=\"https:\/\/intemphugiare.com\/wp-content\/uploads\/2025\/11\/103-A4-68x100mm-0.jpg\" alt=\"\" class=\"wp-image-282\" srcset=\"https:\/\/intemphugiare.com\/wp-content\/uploads\/2025\/11\/103-A4-68x100mm-0.jpg 800w, https:\/\/intemphugiare.com\/wp-content\/uploads\/2025\/11\/103-A4-68x100mm-0-768x768.jpg 768w, https:\/\/intemphugiare.com\/wp-content\/uploads\/2025\/11\/103-A4-68x100mm-0-300x300.jpg 300w, https:\/\/intemphugiare.com\/wp-content\/uploads\/2025\/11\/103-A4-68x100mm-0-600x600.jpg 600w, https:\/\/intemphugiare.com\/wp-content\/uploads\/2025\/11\/103-A4-68x100mm-0-100x100.jpg 100w, https:\/\/intemphugiare.com\/wp-content\/uploads\/2025\/11\/103-A4-68x100mm-0-50x50.jpg 50w\" sizes=\"auto, (max-width: 800px) 100vw, 800px\" \/><\/a><\/figure>\n\n\n\n<p class=\"has-text-align-center\"><strong><a href=\"https:\/\/intemphugiare.com\/index.php\/san-pham\/decal-be-san\/\">68&#215;100 mm (MH: 103)<\/a><\/strong><\/p>\n<\/div>\n\n\n\n<div class=\"wp-block-column is-layout-flow wp-block-column-is-layout-flow\">\n<figure class=\"wp-block-image size-full\"><a href=\"https:\/\/intemphugiare.com\/index.php\/san-pham\/decal-be-san\/\"><img loading=\"lazy\" decoding=\"async\" width=\"800\" height=\"800\" src=\"https:\/\/intemphugiare.com\/wp-content\/uploads\/2025\/11\/104-75x100-0.jpg\" alt=\"\" class=\"wp-image-283\" srcset=\"https:\/\/intemphugiare.com\/wp-content\/uploads\/2025\/11\/104-75x100-0.jpg 800w, https:\/\/intemphugiare.com\/wp-content\/uploads\/2025\/11\/104-75x100-0-768x768.jpg 768w, https:\/\/intemphugiare.com\/wp-content\/uploads\/2025\/11\/104-75x100-0-300x300.jpg 300w, https:\/\/intemphugiare.com\/wp-content\/uploads\/2025\/11\/104-75x100-0-600x600.jpg 600w, https:\/\/intemphugiare.com\/wp-content\/uploads\/2025\/11\/104-75x100-0-100x100.jpg 100w, https:\/\/intemphugiare.com\/wp-content\/uploads\/2025\/11\/104-75x100-0-50x50.jpg 50w\" sizes=\"auto, (max-width: 800px) 100vw, 800px\" \/><\/a><\/figure>\n\n\n\n<p class=\"has-text-align-center\"><a href=\"https:\/\/intemphugiare.com\/index.php\/san-pham\/decal-be-san\/\"><strong>75&#215;100 mm (MH: 104)<\/strong><\/a><\/p>\n<\/div>\n\n\n\n<div class=\"wp-block-column is-layout-flow wp-block-column-is-layout-flow\">\n<figure class=\"wp-block-image size-full\"><a href=\"https:\/\/intemphugiare.com\/index.php\/san-pham\/decal-be-san\/\"><img loading=\"lazy\" decoding=\"async\" width=\"800\" height=\"800\" src=\"https:\/\/intemphugiare.com\/wp-content\/uploads\/2025\/11\/be-105-83x100-0.jpg\" alt=\"\" class=\"wp-image-284\" srcset=\"https:\/\/intemphugiare.com\/wp-content\/uploads\/2025\/11\/be-105-83x100-0.jpg 800w, https:\/\/intemphugiare.com\/wp-content\/uploads\/2025\/11\/be-105-83x100-0-768x768.jpg 768w, https:\/\/intemphugiare.com\/wp-content\/uploads\/2025\/11\/be-105-83x100-0-300x300.jpg 300w, https:\/\/intemphugiare.com\/wp-content\/uploads\/2025\/11\/be-105-83x100-0-600x600.jpg 600w, https:\/\/intemphugiare.com\/wp-content\/uploads\/2025\/11\/be-105-83x100-0-100x100.jpg 100w, https:\/\/intemphugiare.com\/wp-content\/uploads\/2025\/11\/be-105-83x100-0-50x50.jpg 50w\" sizes=\"auto, (max-width: 800px) 100vw, 800px\" \/><\/a><\/figure>\n\n\n\n<p class=\"has-text-align-center\"><strong><a href=\"https:\/\/intemphugiare.com\/index.php\/san-pham\/decal-be-san\/\">83&#215;100 mm (MH: 105)<\/a><\/strong><\/p>\n<\/div>\n\n\n\n<div class=\"wp-block-column is-layout-flow wp-block-column-is-layout-flow\">\n<figure class=\"wp-block-image size-full\"><a href=\"https:\/\/intemphugiare.com\/index.php\/san-pham\/decal-be-san\/\"><img loading=\"lazy\" decoding=\"async\" width=\"800\" height=\"800\" src=\"https:\/\/intemphugiare.com\/wp-content\/uploads\/2025\/11\/106-90x100mm-0.jpg\" alt=\"\" class=\"wp-image-285\" srcset=\"https:\/\/intemphugiare.com\/wp-content\/uploads\/2025\/11\/106-90x100mm-0.jpg 800w, https:\/\/intemphugiare.com\/wp-content\/uploads\/2025\/11\/106-90x100mm-0-768x768.jpg 768w, https:\/\/intemphugiare.com\/wp-content\/uploads\/2025\/11\/106-90x100mm-0-300x300.jpg 300w, https:\/\/intemphugiare.com\/wp-content\/uploads\/2025\/11\/106-90x100mm-0-600x600.jpg 600w, https:\/\/intemphugiare.com\/wp-content\/uploads\/2025\/11\/106-90x100mm-0-100x100.jpg 100w, https:\/\/intemphugiare.com\/wp-content\/uploads\/2025\/11\/106-90x100mm-0-50x50.jpg 50w\" sizes=\"auto, (max-width: 800px) 100vw, 800px\" \/><\/a><\/figure>\n\n\n\n<p class=\"has-text-align-center\"><strong><a href=\"https:\/\/intemphugiare.com\/index.php\/san-pham\/decal-be-san\/\">90&#215;100 mm (MH: 106)<\/a><\/strong><\/p>\n<\/div>\n<\/div>\n\n\n\n<hr class=\"wp-block-separator has-text-color has-black-color has-alpha-channel-opacity has-black-background-color has-background is-style-default\"\/>\n\n\n\n<div class=\"wp-block-columns is-layout-flex wp-container-core-columns-is-layout-9d6595d7 wp-block-columns-is-layout-flex\">\n<div class=\"wp-block-column is-layout-flow wp-block-column-is-layout-flow\">\n<figure class=\"wp-block-image size-full\"><a href=\"https:\/\/intemphugiare.com\/index.php\/san-pham\/decal-be-san\/\"><img loading=\"lazy\" decoding=\"async\" width=\"800\" height=\"800\" src=\"https:\/\/intemphugiare.com\/wp-content\/uploads\/2025\/11\/105-90x100mm.jpg\" alt=\"\" class=\"wp-image-291\" srcset=\"https:\/\/intemphugiare.com\/wp-content\/uploads\/2025\/11\/105-90x100mm.jpg 800w, https:\/\/intemphugiare.com\/wp-content\/uploads\/2025\/11\/105-90x100mm-768x768.jpg 768w, https:\/\/intemphugiare.com\/wp-content\/uploads\/2025\/11\/105-90x100mm-300x300.jpg 300w, https:\/\/intemphugiare.com\/wp-content\/uploads\/2025\/11\/105-90x100mm-600x600.jpg 600w, https:\/\/intemphugiare.com\/wp-content\/uploads\/2025\/11\/105-90x100mm-100x100.jpg 100w, https:\/\/intemphugiare.com\/wp-content\/uploads\/2025\/11\/105-90x100mm-50x50.jpg 50w\" sizes=\"auto, (max-width: 800px) 100vw, 800px\" \/><\/a><\/figure>\n\n\n\n<p class=\"has-text-align-center\"><strong><a href=\"https:\/\/intemphugiare.com\/index.php\/san-pham\/decal-be-san\/\">26&#215;66 mm (MH: 199)<\/a><\/strong><\/p>\n<\/div>\n\n\n\n<div class=\"wp-block-column is-layout-flow wp-block-column-is-layout-flow\">\n<figure class=\"wp-block-image size-full\"><a href=\"https:\/\/intemphugiare.com\/index.php\/san-pham\/decal-be-san\/\"><img loading=\"lazy\" decoding=\"async\" width=\"800\" height=\"800\" src=\"https:\/\/intemphugiare.com\/wp-content\/uploads\/2025\/11\/200-38x66-0.jpg\" alt=\"\" class=\"wp-image-292\" srcset=\"https:\/\/intemphugiare.com\/wp-content\/uploads\/2025\/11\/200-38x66-0.jpg 800w, https:\/\/intemphugiare.com\/wp-content\/uploads\/2025\/11\/200-38x66-0-768x768.jpg 768w, https:\/\/intemphugiare.com\/wp-content\/uploads\/2025\/11\/200-38x66-0-300x300.jpg 300w, https:\/\/intemphugiare.com\/wp-content\/uploads\/2025\/11\/200-38x66-0-600x600.jpg 600w, https:\/\/intemphugiare.com\/wp-content\/uploads\/2025\/11\/200-38x66-0-100x100.jpg 100w, https:\/\/intemphugiare.com\/wp-content\/uploads\/2025\/11\/200-38x66-0-50x50.jpg 50w\" sizes=\"auto, (max-width: 800px) 100vw, 800px\" \/><\/a><\/figure>\n\n\n\n<p class=\"has-text-align-center\"><a href=\"https:\/\/intemphugiare.com\/index.php\/san-pham\/decal-be-san\/\"><strong>38&#215;66 mm (MH: 200)<\/strong><\/a><\/p>\n<\/div>\n\n\n\n<div class=\"wp-block-column is-layout-flow wp-block-column-is-layout-flow\">\n<figure class=\"wp-block-image size-full\"><a href=\"https:\/\/intemphugiare.com\/index.php\/san-pham\/decal-be-san\/\"><img loading=\"lazy\" decoding=\"async\" width=\"800\" height=\"800\" src=\"https:\/\/intemphugiare.com\/wp-content\/uploads\/2025\/11\/201-44x66-0.jpg\" alt=\"\" class=\"wp-image-293\" srcset=\"https:\/\/intemphugiare.com\/wp-content\/uploads\/2025\/11\/201-44x66-0.jpg 800w, https:\/\/intemphugiare.com\/wp-content\/uploads\/2025\/11\/201-44x66-0-768x768.jpg 768w, https:\/\/intemphugiare.com\/wp-content\/uploads\/2025\/11\/201-44x66-0-300x300.jpg 300w, https:\/\/intemphugiare.com\/wp-content\/uploads\/2025\/11\/201-44x66-0-600x600.jpg 600w, https:\/\/intemphugiare.com\/wp-content\/uploads\/2025\/11\/201-44x66-0-100x100.jpg 100w, https:\/\/intemphugiare.com\/wp-content\/uploads\/2025\/11\/201-44x66-0-50x50.jpg 50w\" sizes=\"auto, (max-width: 800px) 100vw, 800px\" \/><\/a><\/figure>\n\n\n\n<p class=\"has-text-align-center\"><strong><a href=\"https:\/\/intemphugiare.com\/index.php\/san-pham\/decal-be-san\/\">44&#215;66 mm (MH: 201)<\/a><\/strong><\/p>\n<\/div>\n\n\n\n<div class=\"wp-block-column is-layout-flow wp-block-column-is-layout-flow\">\n<figure class=\"wp-block-image size-full\"><a href=\"https:\/\/intemphugiare.com\/index.php\/san-pham\/decal-be-san\/\"><img loading=\"lazy\" decoding=\"async\" width=\"800\" height=\"800\" src=\"https:\/\/intemphugiare.com\/wp-content\/uploads\/2025\/11\/202-53x66-0.jpg\" alt=\"\" class=\"wp-image-294\" srcset=\"https:\/\/intemphugiare.com\/wp-content\/uploads\/2025\/11\/202-53x66-0.jpg 800w, https:\/\/intemphugiare.com\/wp-content\/uploads\/2025\/11\/202-53x66-0-768x768.jpg 768w, https:\/\/intemphugiare.com\/wp-content\/uploads\/2025\/11\/202-53x66-0-300x300.jpg 300w, https:\/\/intemphugiare.com\/wp-content\/uploads\/2025\/11\/202-53x66-0-600x600.jpg 600w, https:\/\/intemphugiare.com\/wp-content\/uploads\/2025\/11\/202-53x66-0-100x100.jpg 100w, https:\/\/intemphugiare.com\/wp-content\/uploads\/2025\/11\/202-53x66-0-50x50.jpg 50w\" sizes=\"auto, (max-width: 800px) 100vw, 800px\" \/><\/a><\/figure>\n\n\n\n<p class=\"has-text-align-center\"><strong><a href=\"https:\/\/intemphugiare.com\/index.php\/san-pham\/decal-be-san\/\">53&#215;66 mm (MH: 202)<\/a><\/strong><\/p>\n<\/div>\n<\/div>\n\n\n\n<hr class=\"wp-block-separator has-text-color has-black-color has-alpha-channel-opacity has-black-background-color has-background is-style-default\"\/>\n\n\n\n<div class=\"wp-block-columns is-layout-flex wp-container-core-columns-is-layout-9d6595d7 wp-block-columns-is-layout-flex\">\n<div class=\"wp-block-column is-layout-flow wp-block-column-is-layout-flow\">\n<figure class=\"wp-block-image size-full\"><a href=\"https:\/\/intemphugiare.com\/index.php\/san-pham\/decal-be-san\/\"><img loading=\"lazy\" decoding=\"async\" width=\"800\" height=\"800\" src=\"https:\/\/intemphugiare.com\/wp-content\/uploads\/2025\/11\/203-75x66-0.jpg\" alt=\"\" class=\"wp-image-295\" srcset=\"https:\/\/intemphugiare.com\/wp-content\/uploads\/2025\/11\/203-75x66-0.jpg 800w, https:\/\/intemphugiare.com\/wp-content\/uploads\/2025\/11\/203-75x66-0-768x768.jpg 768w, https:\/\/intemphugiare.com\/wp-content\/uploads\/2025\/11\/203-75x66-0-300x300.jpg 300w, https:\/\/intemphugiare.com\/wp-content\/uploads\/2025\/11\/203-75x66-0-600x600.jpg 600w, https:\/\/intemphugiare.com\/wp-content\/uploads\/2025\/11\/203-75x66-0-100x100.jpg 100w, https:\/\/intemphugiare.com\/wp-content\/uploads\/2025\/11\/203-75x66-0-50x50.jpg 50w\" sizes=\"auto, (max-width: 800px) 100vw, 800px\" \/><\/a><\/figure>\n\n\n\n<p class=\"has-text-align-center\"><strong><a href=\"https:\/\/intemphugiare.com\/index.php\/san-pham\/decal-be-san\/\">75&#215;66 mm (MH: 203)<\/a><\/strong><\/p>\n<\/div>\n\n\n\n<div class=\"wp-block-column is-layout-flow wp-block-column-is-layout-flow\">\n<figure class=\"wp-block-image size-full\"><a href=\"https:\/\/intemphugiare.com\/index.php\/san-pham\/decal-be-san\/\"><img loading=\"lazy\" decoding=\"async\" width=\"1132\" height=\"1131\" src=\"https:\/\/intemphugiare.com\/wp-content\/uploads\/2025\/11\/204-85x66-0.jpg\" alt=\"\" class=\"wp-image-296\" srcset=\"https:\/\/intemphugiare.com\/wp-content\/uploads\/2025\/11\/204-85x66-0.jpg 1132w, https:\/\/intemphugiare.com\/wp-content\/uploads\/2025\/11\/204-85x66-0-768x767.jpg 768w, https:\/\/intemphugiare.com\/wp-content\/uploads\/2025\/11\/204-85x66-0-300x300.jpg 300w, https:\/\/intemphugiare.com\/wp-content\/uploads\/2025\/11\/204-85x66-0-600x599.jpg 600w, https:\/\/intemphugiare.com\/wp-content\/uploads\/2025\/11\/204-85x66-0-100x100.jpg 100w, https:\/\/intemphugiare.com\/wp-content\/uploads\/2025\/11\/204-85x66-0-50x50.jpg 50w\" sizes=\"auto, (max-width: 1132px) 100vw, 1132px\" \/><\/a><\/figure>\n\n\n\n<p class=\"has-text-align-center\"><a href=\"https:\/\/intemphugiare.com\/index.php\/san-pham\/decal-be-san\/\"><strong>85&#215;66 mm (MH: 204)<\/strong><\/a><\/p>\n<\/div>\n\n\n\n<div class=\"wp-block-column is-layout-flow wp-block-column-is-layout-flow\">\n<figure class=\"wp-block-image size-full\"><a href=\"https:\/\/intemphugiare.com\/index.php\/san-pham\/decal-be-san\/\"><img loading=\"lazy\" decoding=\"async\" width=\"800\" height=\"800\" src=\"https:\/\/intemphugiare.com\/wp-content\/uploads\/2025\/11\/299-26x49-0.jpg\" alt=\"\" class=\"wp-image-297\" srcset=\"https:\/\/intemphugiare.com\/wp-content\/uploads\/2025\/11\/299-26x49-0.jpg 800w, https:\/\/intemphugiare.com\/wp-content\/uploads\/2025\/11\/299-26x49-0-768x768.jpg 768w, https:\/\/intemphugiare.com\/wp-content\/uploads\/2025\/11\/299-26x49-0-300x300.jpg 300w, https:\/\/intemphugiare.com\/wp-content\/uploads\/2025\/11\/299-26x49-0-600x600.jpg 600w, https:\/\/intemphugiare.com\/wp-content\/uploads\/2025\/11\/299-26x49-0-100x100.jpg 100w, https:\/\/intemphugiare.com\/wp-content\/uploads\/2025\/11\/299-26x49-0-50x50.jpg 50w\" sizes=\"auto, (max-width: 800px) 100vw, 800px\" \/><\/a><\/figure>\n\n\n\n<p class=\"has-text-align-center\"><strong><a href=\"https:\/\/intemphugiare.com\/index.php\/san-pham\/decal-be-san\/\">26&#215;49 mm (MH: 299)<\/a><\/strong><\/p>\n<\/div>\n\n\n\n<div class=\"wp-block-column is-layout-flow wp-block-column-is-layout-flow\">\n<figure class=\"wp-block-image size-full\"><a href=\"https:\/\/intemphugiare.com\/index.php\/san-pham\/decal-be-san\/\"><img loading=\"lazy\" decoding=\"async\" width=\"800\" height=\"800\" src=\"https:\/\/intemphugiare.com\/wp-content\/uploads\/2025\/11\/300-38x49-0.jpg\" alt=\"\" class=\"wp-image-298\" srcset=\"https:\/\/intemphugiare.com\/wp-content\/uploads\/2025\/11\/300-38x49-0.jpg 800w, https:\/\/intemphugiare.com\/wp-content\/uploads\/2025\/11\/300-38x49-0-768x768.jpg 768w, https:\/\/intemphugiare.com\/wp-content\/uploads\/2025\/11\/300-38x49-0-300x300.jpg 300w, https:\/\/intemphugiare.com\/wp-content\/uploads\/2025\/11\/300-38x49-0-600x600.jpg 600w, https:\/\/intemphugiare.com\/wp-content\/uploads\/2025\/11\/300-38x49-0-100x100.jpg 100w, https:\/\/intemphugiare.com\/wp-content\/uploads\/2025\/11\/300-38x49-0-50x50.jpg 50w\" sizes=\"auto, (max-width: 800px) 100vw, 800px\" \/><\/a><\/figure>\n\n\n\n<p class=\"has-text-align-center\"><strong><a href=\"https:\/\/intemphugiare.com\/index.php\/san-pham\/decal-be-san\/\">38&#215;49 mm (MH: 300)<\/a><\/strong><\/p>\n<\/div>\n<\/div>\n","protected":false},"excerpt":{"rendered":"<p>Gi\u1ea3i ph\u00e1p t\u1ef1 in tem ph\u1ee5 gi\u00fap doanh nghi\u1ec7p ch\u1ee7 \u0111\u1ed9ng ho\u00e0n to\u00e0n trong vi\u1ec7c in \u1ea5n tem nh\u00e3n s\u1ea3n ph\u1ea9m m\u00e0 kh\u00f4ng c\u1ea7n \u0111\u1ea7u t\u01b0 m\u00e1y m\u00f3c chuy\u00ean d\u1ee5ng hay thu\u00ea d\u1ecbch v\u1ee5 b\u00ean ngo\u00e0i. Khi mua gi\u1ea5y decal b\u1ebf s\u1eb5n t\u1eeb c\u00f4ng ty, kh\u00e1ch h\u00e0ng s\u1ebd \u0111\u01b0\u1ee3c cung c\u1ea5p gi\u1ea5y decal \u0111\u00e3 b\u1ebf&hellip;&nbsp;<a href=\"https:\/\/intemphugiare.com\/index.php\/giai-phap-tu-in-tem-phu-chu-dong-tien-loi-tiet-kiem-nhanh-chong\/\" rel=\"bookmark\"><span class=\"screen-reader-text\">Gi\u1ea3i ph\u00e1p t\u1ef1 in tem ph\u1ee5: Ch\u1ee7 \u0111\u1ed9ng &#8211; Ti\u1ec7n l\u1ee3i &#8211; Ti\u1ebft ki\u1ec7m &#8211; Nhanh ch\u00f3ng<\/span><\/a><\/p>\n","protected":false},"author":1,"featured_media":0,"parent":0,"menu_order":0,"comment_status":"closed","ping_status":"closed","template":"","meta":{"neve_meta_sidebar":"","neve_meta_container":"","neve_meta_enable_content_width":"","neve_meta_content_width":0,"neve_meta_title_alignment":"","neve_meta_author_avatar":"","neve_post_elements_order":"","neve_meta_disable_header":"","neve_meta_disable_footer":"","neve_meta_disable_title":"","footnotes":""},"class_list":["post-103","page","type-page","status-publish","hentry"],"_links":{"self":[{"href":"https:\/\/intemphugiare.com\/index.php\/wp-json\/wp\/v2\/pages\/103","targetHints":{"allow":["GET"]}}],"collection":[{"href":"https:\/\/intemphugiare.com\/index.php\/wp-json\/wp\/v2\/pages"}],"about":[{"href":"https:\/\/intemphugiare.com\/index.php\/wp-json\/wp\/v2\/types\/page"}],"author":[{"embeddable":true,"href":"https:\/\/intemphugiare.com\/index.php\/wp-json\/wp\/v2\/users\/1"}],"replies":[{"embeddable":true,"href":"https:\/\/intemphugiare.com\/index.php\/wp-json\/wp\/v2\/comments?post=103"}],"version-history":[{"count":1,"href":"https:\/\/intemphugiare.com\/index.php\/wp-json\/wp\/v2\/pages\/103\/revisions"}],"predecessor-version":[{"id":373,"href":"https:\/\/intemphugiare.com\/index.php\/wp-json\/wp\/v2\/pages\/103\/revisions\/373"}],"wp:attachment":[{"href":"https:\/\/intemphugiare.com\/index.php\/wp-json\/wp\/v2\/media?parent=103"}],"curies":[{"name":"wp","href":"https:\/\/api.w.org\/{rel}","templated":true}]}}